{"id":7462,"date":"2024-12-08T14:47:09","date_gmt":"2024-12-08T13:47:09","guid":{"rendered":"https:\/\/prague-north.rvltpreview.com\/home\/"},"modified":"2025-11-24T10:45:59","modified_gmt":"2025-11-24T09:45:59","slug":"home","status":"publish","type":"page","link":"https:\/\/ctparkpraguenorth.eu\/cs\/","title":{"rendered":"Home"},"content":{"rendered":"","protected":false},"excerpt":{"rendered":"","protected":false},"author":1,"featured_media":0,"parent":0,"menu_order":0,"comment_status":"closed","ping_status":"closed","template":"template-home.php","meta":{"_acf_changed":false,"inline_featured_image":false,"footnotes":""},"class_list":["post-7462","page","type-page","status-publish","hentry"],"acf":[],"yoast_head":"<!-- This site is optimized with the Yoast SEO plugin v27.2 - https:\/\/yoast.com\/product\/yoast-seo-wordpress\/ -->\n<title>Home - Prague north<\/title>\n<meta name=\"description\" content=\"CTPark Prague North nab\u00edz\u00ed strategickou lokalitu s p\u0159\u00edm\u00fdm napojen\u00edm na D8, bl\u00edzko Prahy a leti\u0161t\u011b. Ide\u00e1ln\u00ed pro r\u016fst modern\u00edch firem v\u0161ech velikost\u00ed.\" \/>\n<meta name=\"robots\" content=\"index, follow, max-snippet:-1, max-image-preview:large, max-video-preview:-1\" \/>\n<link rel=\"canonical\" href=\"https:\/\/ctparkpraguenorth.eu\/cs\/\" \/>\n<meta property=\"og:locale\" content=\"cs_CZ\" \/>\n<meta property=\"og:type\" content=\"article\" \/>\n<meta property=\"og:title\" content=\"Home - Prague north\" \/>\n<meta property=\"og:description\" content=\"CTPark Prague North nab\u00edz\u00ed strategickou lokalitu s p\u0159\u00edm\u00fdm napojen\u00edm na D8, bl\u00edzko Prahy a leti\u0161t\u011b. Ide\u00e1ln\u00ed pro r\u016fst modern\u00edch firem v\u0161ech velikost\u00ed.\" \/>\n<meta property=\"og:url\" content=\"https:\/\/ctparkpraguenorth.eu\/cs\/\" \/>\n<meta property=\"og:site_name\" content=\"Prague north\" \/>\n<meta property=\"article:publisher\" content=\"https:\/\/www.facebook.com\/CTPparkmakers\" \/>\n<meta property=\"article:modified_time\" content=\"2025-11-24T09:45:59+00:00\" \/>\n<meta name=\"twitter:card\" content=\"summary_large_image\" \/>\n<script type=\"application\/ld+json\" class=\"yoast-schema-graph\">{\"@context\":\"https:\/\/schema.org\",\"@graph\":[{\"@type\":\"WebPage\",\"@id\":\"https:\/\/ctparkpraguenorth.eu\/cs\/\",\"url\":\"https:\/\/ctparkpraguenorth.eu\/cs\/\",\"name\":\"Home - Prague north\",\"isPartOf\":{\"@id\":\"https:\/\/ctparkpraguenorth.eu\/#website\"},\"datePublished\":\"2024-12-08T13:47:09+00:00\",\"dateModified\":\"2025-11-24T09:45:59+00:00\",\"description\":\"CTPark Prague North nab\u00edz\u00ed strategickou lokalitu s p\u0159\u00edm\u00fdm napojen\u00edm na D8, bl\u00edzko Prahy a leti\u0161t\u011b. Ide\u00e1ln\u00ed pro r\u016fst modern\u00edch firem v\u0161ech velikost\u00ed.\",\"breadcrumb\":{\"@id\":\"https:\/\/ctparkpraguenorth.eu\/cs\/#breadcrumb\"},\"inLanguage\":\"cs\",\"potentialAction\":[{\"@type\":\"ReadAction\",\"target\":[\"https:\/\/ctparkpraguenorth.eu\/cs\/\"]}]},{\"@type\":\"BreadcrumbList\",\"@id\":\"https:\/\/ctparkpraguenorth.eu\/cs\/#breadcrumb\",\"itemListElement\":[{\"@type\":\"ListItem\",\"position\":1,\"name\":\"Home\",\"item\":\"https:\/\/ctparkpraguenorth.eu\/cs\/\"},{\"@type\":\"ListItem\",\"position\":2,\"name\":\"Home\"}]},{\"@type\":\"WebSite\",\"@id\":\"https:\/\/ctparkpraguenorth.eu\/#website\",\"url\":\"https:\/\/ctparkpraguenorth.eu\/\",\"name\":\"CTPark Prague North\",\"description\":\"\",\"publisher\":{\"@id\":\"https:\/\/ctparkpraguenorth.eu\/#organization\"},\"potentialAction\":[{\"@type\":\"SearchAction\",\"target\":{\"@type\":\"EntryPoint\",\"urlTemplate\":\"https:\/\/ctparkpraguenorth.eu\/?s={search_term_string}\"},\"query-input\":{\"@type\":\"PropertyValueSpecification\",\"valueRequired\":true,\"valueName\":\"search_term_string\"}}],\"inLanguage\":\"cs\"},{\"@type\":\"Organization\",\"@id\":\"https:\/\/ctparkpraguenorth.eu\/#organization\",\"name\":\"CTP\",\"url\":\"https:\/\/ctparkpraguenorth.eu\/\",\"logo\":{\"@type\":\"ImageObject\",\"inLanguage\":\"cs\",\"@id\":\"https:\/\/ctparkpraguenorth.eu\/#\/schema\/logo\/image\/\",\"url\":\"https:\/\/ctparkpraguenorth.eu\/wp-content\/uploads\/2024\/12\/design@2x.jpg\",\"contentUrl\":\"https:\/\/ctparkpraguenorth.eu\/wp-content\/uploads\/2024\/12\/design@2x.jpg\",\"width\":780,\"height\":532,\"caption\":\"CTP\"},\"image\":{\"@id\":\"https:\/\/ctparkpraguenorth.eu\/#\/schema\/logo\/image\/\"},\"sameAs\":[\"https:\/\/www.facebook.com\/CTPparkmakers\",\"https:\/\/www.instagram.com\/ctpparkmakers\"]}]}<\/script>\n<!-- \/ Yoast SEO plugin. -->","yoast_head_json":{"title":"Home - Prague north","description":"CTPark Prague North nab\u00edz\u00ed strategickou lokalitu s p\u0159\u00edm\u00fdm napojen\u00edm na D8, bl\u00edzko Prahy a leti\u0161t\u011b. Ide\u00e1ln\u00ed pro r\u016fst modern\u00edch firem v\u0161ech velikost\u00ed.","robots":{"index":"index","follow":"follow","max-snippet":"max-snippet:-1","max-image-preview":"max-image-preview:large","max-video-preview":"max-video-preview:-1"},"canonical":"https:\/\/ctparkpraguenorth.eu\/cs\/","og_locale":"cs_CZ","og_type":"article","og_title":"Home - Prague north","og_description":"CTPark Prague North nab\u00edz\u00ed strategickou lokalitu s p\u0159\u00edm\u00fdm napojen\u00edm na D8, bl\u00edzko Prahy a leti\u0161t\u011b. Ide\u00e1ln\u00ed pro r\u016fst modern\u00edch firem v\u0161ech velikost\u00ed.","og_url":"https:\/\/ctparkpraguenorth.eu\/cs\/","og_site_name":"Prague north","article_publisher":"https:\/\/www.facebook.com\/CTPparkmakers","article_modified_time":"2025-11-24T09:45:59+00:00","twitter_card":"summary_large_image","schema":{"@context":"https:\/\/schema.org","@graph":[{"@type":"WebPage","@id":"https:\/\/ctparkpraguenorth.eu\/cs\/","url":"https:\/\/ctparkpraguenorth.eu\/cs\/","name":"Home - Prague north","isPartOf":{"@id":"https:\/\/ctparkpraguenorth.eu\/#website"},"datePublished":"2024-12-08T13:47:09+00:00","dateModified":"2025-11-24T09:45:59+00:00","description":"CTPark Prague North nab\u00edz\u00ed strategickou lokalitu s p\u0159\u00edm\u00fdm napojen\u00edm na D8, bl\u00edzko Prahy a leti\u0161t\u011b. Ide\u00e1ln\u00ed pro r\u016fst modern\u00edch firem v\u0161ech velikost\u00ed.","breadcrumb":{"@id":"https:\/\/ctparkpraguenorth.eu\/cs\/#breadcrumb"},"inLanguage":"cs","potentialAction":[{"@type":"ReadAction","target":["https:\/\/ctparkpraguenorth.eu\/cs\/"]}]},{"@type":"BreadcrumbList","@id":"https:\/\/ctparkpraguenorth.eu\/cs\/#breadcrumb","itemListElement":[{"@type":"ListItem","position":1,"name":"Home","item":"https:\/\/ctparkpraguenorth.eu\/cs\/"},{"@type":"ListItem","position":2,"name":"Home"}]},{"@type":"WebSite","@id":"https:\/\/ctparkpraguenorth.eu\/#website","url":"https:\/\/ctparkpraguenorth.eu\/","name":"CTPark Prague North","description":"","publisher":{"@id":"https:\/\/ctparkpraguenorth.eu\/#organization"},"potentialAction":[{"@type":"SearchAction","target":{"@type":"EntryPoint","urlTemplate":"https:\/\/ctparkpraguenorth.eu\/?s={search_term_string}"},"query-input":{"@type":"PropertyValueSpecification","valueRequired":true,"valueName":"search_term_string"}}],"inLanguage":"cs"},{"@type":"Organization","@id":"https:\/\/ctparkpraguenorth.eu\/#organization","name":"CTP","url":"https:\/\/ctparkpraguenorth.eu\/","logo":{"@type":"ImageObject","inLanguage":"cs","@id":"https:\/\/ctparkpraguenorth.eu\/#\/schema\/logo\/image\/","url":"https:\/\/ctparkpraguenorth.eu\/wp-content\/uploads\/2024\/12\/design@2x.jpg","contentUrl":"https:\/\/ctparkpraguenorth.eu\/wp-content\/uploads\/2024\/12\/design@2x.jpg","width":780,"height":532,"caption":"CTP"},"image":{"@id":"https:\/\/ctparkpraguenorth.eu\/#\/schema\/logo\/image\/"},"sameAs":["https:\/\/www.facebook.com\/CTPparkmakers","https:\/\/www.instagram.com\/ctpparkmakers"]}]}},"_links":{"self":[{"href":"https:\/\/ctparkpraguenorth.eu\/cs\/wp-json\/wp\/v2\/pages\/7462","targetHints":{"allow":["GET"]}}],"collection":[{"href":"https:\/\/ctparkpraguenorth.eu\/cs\/wp-json\/wp\/v2\/pages"}],"about":[{"href":"https:\/\/ctparkpraguenorth.eu\/cs\/wp-json\/wp\/v2\/types\/page"}],"author":[{"embeddable":true,"href":"https:\/\/ctparkpraguenorth.eu\/cs\/wp-json\/wp\/v2\/users\/1"}],"replies":[{"embeddable":true,"href":"https:\/\/ctparkpraguenorth.eu\/cs\/wp-json\/wp\/v2\/comments?post=7462"}],"version-history":[{"count":28,"href":"https:\/\/ctparkpraguenorth.eu\/cs\/wp-json\/wp\/v2\/pages\/7462\/revisions"}],"predecessor-version":[{"id":8213,"href":"https:\/\/ctparkpraguenorth.eu\/cs\/wp-json\/wp\/v2\/pages\/7462\/revisions\/8213"}],"wp:attachment":[{"href":"https:\/\/ctparkpraguenorth.eu\/cs\/wp-json\/wp\/v2\/media?parent=7462"}],"curies":[{"name":"wp","href":"https:\/\/api.w.org\/{rel}","templated":true}]}}